{"id":6471,"date":"2024-01-16T12:45:26","date_gmt":"2024-01-16T11:45:26","guid":{"rendered":"https:\/\/www.opcf.it\/?post_type=product&#038;p=6471"},"modified":"2024-01-31T11:35:28","modified_gmt":"2024-01-31T10:35:28","slug":"cavolo-cappuccio","status":"publish","type":"product","link":"https:\/\/www.opcf.it\/index.php\/product\/cavolo-cappuccio\/","title":{"rendered":"Cavolo cappuccio"},"content":{"rendered":"<h4><strong>Questo prodotto e&#8217; disponibile nei seguenti mesi:<br \/>\n<\/strong><br \/>\nGennaio &#8211; febbraio &#8211; marzo &#8211; aprile &#8211; settembre &#8211; ottobre &#8211; novembre &#8211; dicembre<\/h4>\n","protected":false},"excerpt":{"rendered":"<p>Il cavolo cappuccio \u00e8 caratterizzato da foglie serrate e compatte di colore verde chiaro o bianco. Le foglie esterne possono essere pi\u00f9 grandi e pi\u00f9 spesse, mentre quelle interne sono pi\u00f9 tenere. Ha un sapore dolce e leggermente amarognolo. Il cavolo cappuccio \u00e8 utilizzato in molte cucine per preparare crauti, insalate, zuppe e contorni<\/p>\n","protected":false},"featured_media":6472,"menu_order":0,"comment_status":"closed","ping_status":"closed","template":"","meta":[],"product_cat":[47],"product_tag":[],"_links":{"self":[{"href":"https:\/\/www.opcf.it\/index.php\/wp-json\/wp\/v2\/product\/6471"}],"collection":[{"href":"https:\/\/www.opcf.it\/index.php\/wp-json\/wp\/v2\/product"}],"about":[{"href":"https:\/\/www.opcf.it\/index.php\/wp-json\/wp\/v2\/types\/product"}],"replies":[{"embeddable":true,"href":"https:\/\/www.opcf.it\/index.php\/wp-json\/wp\/v2\/comments?post=6471"}],"wp:featuredmedia":[{"embeddable":true,"href":"https:\/\/www.opcf.it\/index.php\/wp-json\/wp\/v2\/media\/6472"}],"wp:attachment":[{"href":"https:\/\/www.opcf.it\/index.php\/wp-json\/wp\/v2\/media?parent=6471"}],"wp:term":[{"taxonomy":"product_cat","embeddable":true,"href":"https:\/\/www.opcf.it\/index.php\/wp-json\/wp\/v2\/product_cat?post=6471"},{"taxonomy":"product_tag","embeddable":true,"href":"https:\/\/www.opcf.it\/index.php\/wp-json\/wp\/v2\/product_tag?post=6471"}],"curies":[{"name":"wp","href":"https:\/\/api.w.org\/{rel}","templated":true}]}}