{"id":6243,"date":"2024-01-08T12:23:21","date_gmt":"2024-01-08T11:23:21","guid":{"rendered":"https:\/\/www.opcf.it\/?post_type=product&#038;p=6243"},"modified":"2024-01-31T11:36:05","modified_gmt":"2024-01-31T10:36:05","slug":"cavolfiori","status":"publish","type":"product","link":"https:\/\/www.opcf.it\/index.php\/product\/cavolfiori\/","title":{"rendered":"Cavolfiori"},"content":{"rendered":"<h4><strong>Questo prodotto e&#8217; disponibile nei seguenti mesi:<\/strong><\/h4>\n<h4>gennaio &#8211; febbraio &#8211; marzo &#8211; aprile &#8211; novembre &#8211; dicembre<\/h4>\n","protected":false},"excerpt":{"rendered":"<p>Il cavolfiore \u00e8 caratterizzato da una testa compatta di fiori immaturi, chiamati infiorescenze, che formano una struttura simile a una rosetta. Di solito \u00e8 di colore bianco, ma esistono anche variet\u00e0 di cavolfiore verde e viola. Ha un sapore delicato e leggermente dolciastro e pu\u00f2 essere consumato crudo, cotto al vapore, bollito, arrostito o utilizzato come base per alternative senza carboidrati come la &#8220;cavolfiore pizza&#8221; o il &#8220;riso di cavolfiore&#8221;.<\/p>\n","protected":false},"featured_media":6420,"menu_order":0,"comment_status":"closed","ping_status":"closed","template":"","meta":[],"product_cat":[47],"product_tag":[],"_links":{"self":[{"href":"https:\/\/www.opcf.it\/index.php\/wp-json\/wp\/v2\/product\/6243"}],"collection":[{"href":"https:\/\/www.opcf.it\/index.php\/wp-json\/wp\/v2\/product"}],"about":[{"href":"https:\/\/www.opcf.it\/index.php\/wp-json\/wp\/v2\/types\/product"}],"replies":[{"embeddable":true,"href":"https:\/\/www.opcf.it\/index.php\/wp-json\/wp\/v2\/comments?post=6243"}],"wp:featuredmedia":[{"embeddable":true,"href":"https:\/\/www.opcf.it\/index.php\/wp-json\/wp\/v2\/media\/6420"}],"wp:attachment":[{"href":"https:\/\/www.opcf.it\/index.php\/wp-json\/wp\/v2\/media?parent=6243"}],"wp:term":[{"taxonomy":"product_cat","embeddable":true,"href":"https:\/\/www.opcf.it\/index.php\/wp-json\/wp\/v2\/product_cat?post=6243"},{"taxonomy":"product_tag","embeddable":true,"href":"https:\/\/www.opcf.it\/index.php\/wp-json\/wp\/v2\/product_tag?post=6243"}],"curies":[{"name":"wp","href":"https:\/\/api.w.org\/{rel}","templated":true}]}}