{"id":6239,"date":"2024-01-08T12:22:02","date_gmt":"2024-01-08T11:22:02","guid":{"rendered":"https:\/\/www.opcf.it\/?post_type=product&#038;p=6239"},"modified":"2024-01-31T11:34:06","modified_gmt":"2024-01-31T10:34:06","slug":"kiwi","status":"publish","type":"product","link":"https:\/\/www.opcf.it\/index.php\/product\/kiwi\/","title":{"rendered":"Kiwi"},"content":{"rendered":"<h4><strong>Questo prodotto e&#8217; disponibile nei seguenti mesi:<br \/>\n<\/strong><br \/>\ngennaio &#8211; ottobre &#8211; novembre &#8211; dicembre<\/h4>\n","protected":false},"excerpt":{"rendered":"<p>Il kiwi \u00e8 un frutto vibrante, con la sua caratteristica polpa verde brillante punteggiata di piccoli semi neri. Il suo gusto unico \u00e8 un equilibrio perfetto tra dolcezza e leggera acidit\u00e0, regalando una freschezza esplosiva in ogni morso. Ricco di vitamina C, fibre e antiossidanti, il kiwi \u00e8 un&#8217;aggiunta essenziale per una dieta equilibrata. La sua consistenza succosa lo rende ideale da gustare da solo o da aggiungere a insalate, smoothie o dessert. La combinazione di gusto rinfrescante e benefici per la salute rende il kiwi un frutto amato da grandi e piccini, perfetto per stimolare il sistema immunitario e favorire la salute digestiva.<\/p>\n","protected":false},"featured_media":6405,"menu_order":10,"comment_status":"closed","ping_status":"closed","template":"","meta":[],"product_cat":[48],"product_tag":[],"_links":{"self":[{"href":"https:\/\/www.opcf.it\/index.php\/wp-json\/wp\/v2\/product\/6239"}],"collection":[{"href":"https:\/\/www.opcf.it\/index.php\/wp-json\/wp\/v2\/product"}],"about":[{"href":"https:\/\/www.opcf.it\/index.php\/wp-json\/wp\/v2\/types\/product"}],"replies":[{"embeddable":true,"href":"https:\/\/www.opcf.it\/index.php\/wp-json\/wp\/v2\/comments?post=6239"}],"wp:featuredmedia":[{"embeddable":true,"href":"https:\/\/www.opcf.it\/index.php\/wp-json\/wp\/v2\/media\/6405"}],"wp:attachment":[{"href":"https:\/\/www.opcf.it\/index.php\/wp-json\/wp\/v2\/media?parent=6239"}],"wp:term":[{"taxonomy":"product_cat","embeddable":true,"href":"https:\/\/www.opcf.it\/index.php\/wp-json\/wp\/v2\/product_cat?post=6239"},{"taxonomy":"product_tag","embeddable":true,"href":"https:\/\/www.opcf.it\/index.php\/wp-json\/wp\/v2\/product_tag?post=6239"}],"curies":[{"name":"wp","href":"https:\/\/api.w.org\/{rel}","templated":true}]}}